{"id":64,"date":"2025-04-01T16:33:01","date_gmt":"2025-04-01T14:33:01","guid":{"rendered":"http:\/\/tjnifjj.cluster027.hosting.ovh.net\/?page_id=64"},"modified":"2026-03-10T17:14:52","modified_gmt":"2026-03-10T16:14:52","slug":"come-raggiungerci","status":"publish","type":"page","link":"https:\/\/www.festivalmontalfonso.it\/index.php\/come-raggiungerci\/","title":{"rendered":"Come raggiungerci"},"content":{"rendered":"<div class=\"wpb-content-wrapper\">[vc_row css=&#8221;.vc_custom_1744895266940{margin-bottom: 0px !important;border-bottom-width: 0px !important;padding-bottom: 0px !important;}&#8221;][vc_column][vc_text_separator title=&#8221;FORTEZZA DI MONT&#8217;ALFONSO&#8221; css=&#8221;.vc_custom_1744895274359{margin-bottom: 0px !important;border-bottom-width: 0px !important;padding-bottom: 0px !important;}&#8221;][\/vc_column][\/vc_row][vc_row css=&#8221;.vc_custom_1773143420526{margin-left: 30px !important;}&#8221;][vc_column width=&#8221;1\/2&#8243;][vc_column_text css=&#8221;.vc_custom_1773158802194{margin-right: 30px !important;}&#8221;]\n<h4 class=\"p1\"><b>IN AUTO<\/b><\/h4>\n[\/vc_column_text][vc_column_text css=&#8221;.vc_custom_1773158811285{margin-right: 30px !important;}&#8221;]<span style=\"font-family: -apple-system, system-ui, BlinkMacSystemFont, 'Segoe UI', Roboto, 'Helvetica Neue', Arial, sans-serif; font-size: 1rem;\">Da Autostrada A11 \u2013 casello autostradale Lucca est o Capannori.<br \/>\n<\/span><span style=\"font-family: -apple-system, system-ui, BlinkMacSystemFont, 'Segoe UI', Roboto, 'Helvetica Neue', Arial, sans-serif; font-size: 1rem;\">Seguire le indicazioni per Castelnuovo di Garfagnana e una volta arrivati in prossimit\u00e0 del centro storico seguire le indicazioni per i parcheggi:<\/span>[\/vc_column_text][vc_toggle title=&#8221;P2 &#8211; Fortezza Mont&#8217;Alfonso&#8221; color=&#8221;grey&#8221; css=&#8221;&#8221;]<strong>P2 &#8211; Parcheggio Fortezza di Mont\u2019Alfonso<\/strong><br \/>\n<strong>orario<\/strong>: 18:30\/24<br \/>\n<strong>accesso<\/strong>: a Castelnuovo di Garfagnana seguire indicazioni per la<br \/>\nFortezza di Mont\u2019Alfonso, arrivati al bivio con la Fortezza, proseguire<br \/>\nsulla strada fino all\u2019indicazione Parcheggio che troverete sulla vostra<br \/>\nsinistra. Il parcheggio dista 600 metri dalla Fortezza che potrete<br \/>\nraggiungere a piedi facendo un breve tratto in salita.<\/p>\n<p><i>Per il Parcheggio alla Fortezza \u00e8 previsto un contributo di 2 euro ad auto\/moto. I fondi saranno destinati a progetti di assistenza e solidariet\u00e0 a cura delle Associazioni del territorio.<\/i>[\/vc_toggle][vc_toggle title=&#8221;P1 &#8211; Piazzale C. Chiappini&#8221; color=&#8221;grey&#8221; css=&#8221;&#8221;]<strong>P1 Parcheggi piazzale C. Chiappini<\/strong> (zona impianti sportivi)<br \/>\n<strong>orario<\/strong>: dalle 18:30 fino al termine degli spettacoli<br \/>\n<strong>accesso<\/strong>: i parcheggi si trovano nella zona degli impianti sportivi di<br \/>\nCastelnuovo di Garfagnana. Vi si accede da via Valmaira (attenzione, chi utilizza il navigatore deve impostare via Valmaira come destinazione).<br \/>\n<strong>navette<\/strong>: dalle ore 18:30, in occasione degli spettacoli, servizio bus navetta da\/per la Fortezza di Mont\u2019Alfonso, frequenza 15 minuti. La navetta ferma al bivio per la Fortezza da cui proseguire a piedi per 250 metri, fino alla Porta ingresso Nord (biglietteria\/controllo accessi).All\u2019andata viene consegnato un braccialetto colorato, non perdetelo: serve per usufruire della navetta di ritorno.<\/p>\n<p><em>Il servizio navetta \u00e8 realizzato dal Comune e dalle associazioni di volontariato di Castelnuovo di Garfagnana: \u00e8 previsto il contributo di un euro a persona, i fondi saranno destinati a progetti di assistenza e solidariet\u00e0.<\/em>[\/vc_toggle][vc_toggle title=&#8221;P1 &#8211; Persone con disabilit\u00e0&#8221; color=&#8221;grey&#8221; css=&#8221;&#8221;]<strong>P1 Parcheggio e navette per persone con disabilit\u00e0 (piazzale C. Chiappini)<br \/>\n<\/strong><strong><em>orario: dalle 18:30 fino al termine degli spettacoli<br \/>\n<\/em><\/strong>Le persone con disabilit\u00e0 hanno un parcheggio riservato a piazzale C.<br \/>\nChiappini e un servizio bus navetta dedicato, con assistenza. \u00c8<br \/>\nnecessaria la prenotazione presso Pro Loco di Piazza delle Erbe a<br \/>\nCastelnuovo di Garfagnana (telefonicamente, al 0583 641007) dove, lo ricordiamo, sono reperibili i biglietti specifici, acquistabili anche<br \/>\ntramite bonifico.[\/vc_toggle][\/vc_column][vc_column width=&#8221;1\/2&#8243;][vc_column_text css=&#8221;.vc_custom_1773158897123{margin-right: 30px !important;}&#8221;]\n<h4 class=\"p1\"><b>A PIEDI<\/b><\/h4>\n[\/vc_column_text][vc_column_text css=&#8221;&#8221;]<i>Sei nelle vicinanze? Ecco i percorsi pedonali consigliati<\/i><\/p>\n<p>Per chi pu\u00f2 fare a meno dell\u2019auto e decide di arrivare a piedi, ecco il percorso consigliato:<br \/>\n<b>Sentiero dell\u2019Ariosto<\/b> (C.A.I.): per i pi\u00f9 temerari! Dal centro storico di Castelnuovo di Garfagnana alla Fortezza sono 30 minuti, l\u2019innesto per il sentiero del CAI \u00e8 indicato con apposita segnaletica bianca e rossa in fondo a via Debbia.<\/p>\n<p>Attenzione: al ritorno \u00e8 necessario essere equipaggiati di torcia![\/vc_column_text][\/vc_column][\/vc_row][vc_row css=&#8221;.vc_custom_1744895266940{margin-bottom: 0px !important;border-bottom-width: 0px !important;padding-bottom: 0px !important;}&#8221;][vc_column css=&#8221;.vc_custom_1773159037388{margin-bottom: 0px !important;border-bottom-width: 0px !important;padding-bottom: 0px !important;}&#8221;][vc_text_separator title=&#8221;FORTEZZA DELLE VERRUCOLE&#8221; css=&#8221;.vc_custom_1773144005943{margin-top: -50px !important;margin-bottom: 0px !important;border-bottom-width: 0px !important;padding-bottom: 0px !important;}&#8221;][\/vc_column][\/vc_row][vc_row][vc_column css=&#8221;.vc_custom_1773159055471{margin-top: 0px !important;border-top-width: 0px !important;padding-top: 0px !important;}&#8221;][vc_row_inner css=&#8221;.vc_custom_1773143598119{margin-left: 30px !important;}&#8221;][vc_column_inner width=&#8221;1\/2&#8243;][vc_column_text css=&#8221;.vc_custom_1773158944448{margin-right: 30px !important;}&#8221;]\n<h4 class=\"p1\"><b>PARCHEGGIO<\/b><\/h4>\n[\/vc_column_text][vc_column_text css=&#8221;.vc_custom_1773159252957{margin-right: 30px !important;}&#8221;]<strong>orario<\/strong>: 18:30\/23:30<br \/>\n<strong>accesso<\/strong>: appena in arrivo al paese di Verrucole \u00e8 disponibile il parcheggio gratuito ben segnalato a circa 600 metri dall\u2019ingresso della Fortezza.<\/p>\n<p>Il percorso da fare a piedi \u00e8 una piacevole passeggiata in salita,<br \/>\nraccomandiamo le scarpe comode e una giacca se dovesse essere fresco.[\/vc_column_text][\/vc_column_inner][vc_column_inner width=&#8221;1\/2&#8243;][vc_column_text css=&#8221;.vc_custom_1773159012348{margin-right: 30px !important;margin-left: 30px !important;}&#8221;]\n<h4 class=\"p1\"><b>PARCHEGGIO PERSONE CON DISABILITA&#8217;<\/b><\/h4>\n[\/vc_column_text][vc_column_text css=&#8221;.vc_custom_1773158997021{margin-left: 30px !important;}&#8221;]Le persone con difficolt\u00e0 di deambulazione o non deambulanti che hanno acquistato un biglietto specifico presso la Pro Loco di Piazza dell\u2019Erbe a Castelnuovo di Garfagnana (info tel. 0583 641007) possono concordare con almeno 48 ore di anticipo un servizio di trasporto dedicato presso la stessa la Pro Loco.[\/vc_column_text][\/vc_column_inner][\/vc_row_inner][vc_row_inner][vc_column_inner css=&#8221;.vc_custom_1773143953060{margin-top: 50px !important;}&#8221;][vc_separator][vc_column_text css=&#8221;&#8221;]\n<p style=\"text-align: left;\"><em>Il servizio di gestione di emergenza ed assistenza al pubblico \u00e8 coordinato <\/em><em>dall\u2019Ufficio Comunale di Protezione Civile del Comune di Castelnuovo di <\/em><em>Garfagnana. Gestione logistica a cura dell\u2019Ufficio tecnico del Comune San <\/em><em>Romano in Garfagnana con il supporto di Gruppo Volontario Fortezza di San Romano, Misericordia di Castelnuovo di Garfagnana, Cooperativa di <\/em><em>Comunit\u00e0 La Fortezza e degli Autieri d\u2019Italia \u2013 Sezione Garfagnana.<\/em><\/p>\n[\/vc_column_text][\/vc_column_inner][\/vc_row_inner][\/vc_column][\/vc_row]\n<\/div>","protected":false},"excerpt":{"rendered":"<p>[vc_row css=&#8221;.vc_custom_1744895266940{margin-bottom: 0px !important;border-bottom-width: 0px !important;padding-bottom: 0px !important;}&#8221;][vc_column][vc_text_separator title=&#8221;FORTEZZA DI MONT&#8217;ALFONSO&#8221; css=&#8221;.vc_custom_1744895274359{margin-bottom: 0px !important;border-bottom-width: 0px !important;padding-bottom: 0px !important;}&#8221;][\/vc_column][\/vc_row][vc_row css=&#8221;.vc_custom_1773143420526{margin-left: 30px !important;}&#8221;][vc_column width=&#8221;1\/2&#8243;][vc_column_text css=&#8221;.vc_custom_1773158802194{margin-right: 30px !important;}&#8221;] IN AUTO [\/vc_column_text][vc_column_text css=&#8221;.vc_custom_1773158811285{margin-right: 30px !important;}&#8221;]Da Autostrada A11 \u2013 casello autostradale Lucca est o Capannori. Seguire le indicazioni per Castelnuovo di Garfagnana e una volta arrivati in prossimit\u00e0 del centro storico seguire le indicazioni per [&hellip;]<\/p>\n","protected":false},"author":1,"featured_media":0,"parent":0,"menu_order":0,"comment_status":"closed","ping_status":"closed","template":"","meta":{"footnotes":""},"class_list":["post-64","page","type-page","status-publish","hentry"],"_links":{"self":[{"href":"https:\/\/www.festivalmontalfonso.it\/index.php\/wp-json\/wp\/v2\/pages\/64","targetHints":{"allow":["GET"]}}],"collection":[{"href":"https:\/\/www.festivalmontalfonso.it\/index.php\/wp-json\/wp\/v2\/pages"}],"about":[{"href":"https:\/\/www.festivalmontalfonso.it\/index.php\/wp-json\/wp\/v2\/types\/page"}],"author":[{"embeddable":true,"href":"https:\/\/www.festivalmontalfonso.it\/index.php\/wp-json\/wp\/v2\/users\/1"}],"replies":[{"embeddable":true,"href":"https:\/\/www.festivalmontalfonso.it\/index.php\/wp-json\/wp\/v2\/comments?post=64"}],"version-history":[{"count":56,"href":"https:\/\/www.festivalmontalfonso.it\/index.php\/wp-json\/wp\/v2\/pages\/64\/revisions"}],"predecessor-version":[{"id":812,"href":"https:\/\/www.festivalmontalfonso.it\/index.php\/wp-json\/wp\/v2\/pages\/64\/revisions\/812"}],"wp:attachment":[{"href":"https:\/\/www.festivalmontalfonso.it\/index.php\/wp-json\/wp\/v2\/media?parent=64"}],"curies":[{"name":"wp","href":"https:\/\/api.w.org\/{rel}","templated":true}]}}